{"id":2262,"date":"2022-10-12T12:13:14","date_gmt":"2022-10-12T12:13:14","guid":{"rendered":"https:\/\/www.makemydayapp.com\/?page_id=2262"},"modified":"2024-12-04T14:40:47","modified_gmt":"2024-12-04T14:40:47","slug":"careers","status":"publish","type":"page","link":"https:\/\/www.makemydayapp.com\/de\/careers\/","title":{"rendered":"Karriere"},"content":{"rendered":"<div data-elementor-type=\"wp-page\" data-elementor-id=\"2262\" class=\"elementor elementor-2262\" data-elementor-post-type=\"page\">\n\t\t\t\t\t\t<section class=\"elementor-section elementor-top-section elementor-element elementor-element-49816c8 elementor-section-height-min-height elementor-section-boxed elementor-section-height-default elementor-section-items-middle\" data-id=\"49816c8\" data-element_type=\"section\" data-settings=\"{&quot;background_background&quot;:&quot;classic&quot;}\">\n\t\t\t\t\t\t\t<div class=\"elementor-background-overlay\"><\/div>\n\t\t\t\t\t\t\t<div class=\"elementor-container elementor-column-gap-default\">\n\t\t\t\t\t<div class=\"elementor-column elementor-col-50 elementor-top-column elementor-element elementor-element-afab64b\" data-id=\"afab64b\" data-element_type=\"column\">\n\t\t\t<div class=\"elementor-widget-wrap elementor-element-populated\">\n\t\t\t\t\t\t<div class=\"elementor-element elementor-element-6348d1b animated-slow elementor-invisible elementor-widget elementor-widget-text-editor\" data-id=\"6348d1b\" data-element_type=\"widget\" data-settings=\"{&quot;_animation&quot;:&quot;fadeIn&quot;}\" data-widget_type=\"text-editor.default\">\n\t\t\t\t<div class=\"elementor-widget-container\">\n\t\t\t\t\t\t\t\t\t<p>Wir sind<\/p>\t\t\t\t\t\t\t\t<\/div>\n\t\t\t\t<\/div>\n\t\t\t\t<div class=\"elementor-element elementor-element-dc7aa88 elementor-invisible elementor-widget elementor-widget-heading\" data-id=\"dc7aa88\" data-element_type=\"widget\" data-settings=\"{&quot;_animation&quot;:&quot;zoomIn&quot;}\" data-widget_type=\"heading.default\">\n\t\t\t\t<div class=\"elementor-widget-container\">\n\t\t\t\t\t<h4 class=\"elementor-heading-title elementor-size-default\">Make My Day<\/h4>\t\t\t\t<\/div>\n\t\t\t\t<\/div>\n\t\t\t\t<div class=\"elementor-element elementor-element-8b7c6c8 elementor-widget elementor-widget-text-editor\" data-id=\"8b7c6c8\" data-element_type=\"widget\" data-widget_type=\"text-editor.default\">\n\t\t\t\t<div class=\"elementor-widget-container\">\n\t\t\t\t\t\t\t\t\t<p>Wir sind auf dem Weg in eine gr\u00fcnere Zukunft der Mobilit\u00e4t.<br \/>Werden Sie noch heute Teil unserer nachhaltigen Revolution.<\/p>\t\t\t\t\t\t\t\t<\/div>\n\t\t\t\t<\/div>\n\t\t\t\t\t<\/div>\n\t\t<\/div>\n\t\t\t\t<div class=\"elementor-column elementor-col-50 elementor-top-column elementor-element elementor-element-4516522\" data-id=\"4516522\" data-element_type=\"column\" data-settings=\"{&quot;background_background&quot;:&quot;classic&quot;}\">\n\t\t\t<div class=\"elementor-widget-wrap elementor-element-populated\">\n\t\t\t\t\t\t<div class=\"elementor-element elementor-element-0bcb134 elementor-widget elementor-widget-image\" data-id=\"0bcb134\" data-element_type=\"widget\" data-widget_type=\"image.default\">\n\t\t\t\t<div class=\"elementor-widget-container\">\n\t\t\t\t\t\t\t\t\t\t\t\t\t\t\t<img fetchpriority=\"high\" decoding=\"async\" width=\"1600\" height=\"1200\" src=\"https:\/\/www.makemydayapp.com\/wp-content\/uploads\/2023\/06\/WhatsApp-Image-2023-05-01-at-13.29.40-1-3.jpg\" class=\"attachment-2048x2048 size-2048x2048 wp-image-9728\" alt=\"\" srcset=\"https:\/\/www.makemydayapp.com\/wp-content\/uploads\/2023\/06\/WhatsApp-Image-2023-05-01-at-13.29.40-1-3.jpg 1600w, https:\/\/www.makemydayapp.com\/wp-content\/uploads\/2023\/06\/WhatsApp-Image-2023-05-01-at-13.29.40-1-3-300x225.jpg 300w, https:\/\/www.makemydayapp.com\/wp-content\/uploads\/2023\/06\/WhatsApp-Image-2023-05-01-at-13.29.40-1-3-1024x768.jpg 1024w, https:\/\/www.makemydayapp.com\/wp-content\/uploads\/2023\/06\/WhatsApp-Image-2023-05-01-at-13.29.40-1-3-768x576.jpg 768w, https:\/\/www.makemydayapp.com\/wp-content\/uploads\/2023\/06\/WhatsApp-Image-2023-05-01-at-13.29.40-1-3-1536x1152.jpg 1536w\" sizes=\"(max-width: 1600px) 100vw, 1600px\" \/>\t\t\t\t\t\t\t\t\t\t\t\t\t\t\t<\/div>\n\t\t\t\t<\/div>\n\t\t\t\t\t<\/div>\n\t\t<\/div>\n\t\t\t\t\t<\/div>\n\t\t<\/section>\n\t\t\t\t<section class=\"elementor-section elementor-top-section elementor-element elementor-element-f5ff2e7 elementor-section-boxed elementor-section-height-default elementor-section-height-default\" data-id=\"f5ff2e7\" data-element_type=\"section\" data-settings=\"{&quot;background_background&quot;:&quot;classic&quot;}\">\n\t\t\t\t\t\t<div class=\"elementor-container elementor-column-gap-extended\">\n\t\t\t\t\t<div class=\"elementor-column elementor-col-100 elementor-top-column elementor-element elementor-element-d99c6cf\" data-id=\"d99c6cf\" data-element_type=\"column\" data-settings=\"{&quot;background_background&quot;:&quot;classic&quot;,&quot;animation&quot;:&quot;none&quot;}\">\n\t\t\t<div class=\"elementor-widget-wrap elementor-element-populated\">\n\t\t\t\t\t\t<div class=\"elementor-element elementor-element-5011455 elementor-widget elementor-widget-heading\" data-id=\"5011455\" data-element_type=\"widget\" data-widget_type=\"heading.default\">\n\t\t\t\t<div class=\"elementor-widget-container\">\n\t\t\t\t\t<h2 class=\"elementor-heading-title elementor-size-xl\">Karrierem\u00f6glichkeiten<\/h2>\t\t\t\t<\/div>\n\t\t\t\t<\/div>\n\t\t\t\t<div class=\"elementor-element elementor-element-afb997e elementor-widget elementor-widget-heading\" data-id=\"afb997e\" data-element_type=\"widget\" data-widget_type=\"heading.default\">\n\t\t\t\t<div class=\"elementor-widget-container\">\n\t\t\t\t\t<h4 class=\"elementor-heading-title elementor-size-default\">1 Offene Stellen<\/h4>\t\t\t\t<\/div>\n\t\t\t\t<\/div>\n\t\t\t\t<div class=\"elementor-element elementor-element-2abaf1a elementor-position-left elementor-vertical-align-top elementor-widget elementor-widget-image-box\" data-id=\"2abaf1a\" data-element_type=\"widget\" data-widget_type=\"image-box.default\">\n\t\t\t\t<div class=\"elementor-widget-container\">\n\t\t\t\t\t<div class=\"elementor-image-box-wrapper\"><figure class=\"elementor-image-box-img\"><img decoding=\"async\" width=\"1536\" height=\"1024\" src=\"https:\/\/www.makemydayapp.com\/wp-content\/uploads\/2024\/06\/pexels-sora-shimazaki-5668858-1536x1024.jpg\" class=\"attachment-1536x1536 size-1536x1536 wp-image-12410\" alt=\"\" srcset=\"https:\/\/www.makemydayapp.com\/wp-content\/uploads\/2024\/06\/pexels-sora-shimazaki-5668858-1536x1024.jpg 1536w, https:\/\/www.makemydayapp.com\/wp-content\/uploads\/2024\/06\/pexels-sora-shimazaki-5668858-300x200.jpg 300w, https:\/\/www.makemydayapp.com\/wp-content\/uploads\/2024\/06\/pexels-sora-shimazaki-5668858-1024x683.jpg 1024w, https:\/\/www.makemydayapp.com\/wp-content\/uploads\/2024\/06\/pexels-sora-shimazaki-5668858-768x512.jpg 768w, https:\/\/www.makemydayapp.com\/wp-content\/uploads\/2024\/06\/pexels-sora-shimazaki-5668858-2048x1365.jpg 2048w, https:\/\/www.makemydayapp.com\/wp-content\/uploads\/2024\/06\/pexels-sora-shimazaki-5668858-18x12.jpg 18w\" sizes=\"(max-width: 1536px) 100vw, 1536px\" \/><\/figure><div class=\"elementor-image-box-content\"><h3 class=\"elementor-image-box-title\">Software Engineer<\/h3><p class=\"elementor-image-box-description\">We are looking for smart people with development orientation. Hard workers, people who search to thrive and accomplish. We don't care about your environment stack, it can be C++, Javascript or whatever you had experience with as long as you are good in it - we can find you a place in our company. Must be a team player though.\n\nMost important is that you know how to code and work with data \ud83d\ude42 and you love it. Junior \/ Student? OK. Senior? OK. Data enthusiastic? also OK. ML\/AI? - we need you too. Wanna be a team leader? - guess what? we are hiring! - BUT you have to be multidisciplinary and open to a different work approach.\n- Hybrid work. We are located in Kiryat Atidim.\n- Our stack is: Go\/Golang, Cloud (all of them big ones), php, vanilla js, ML Algorithms\nKeywords: Electric Vehicle, ML\/AI, Developer, Go\/Golang, Cloud, Python, Data Science, Startup, Technology, Innovation, Fleet management.<\/p><\/div><\/div>\t\t\t\t<\/div>\n\t\t\t\t<\/div>\n\t\t\t\t<div class=\"elementor-element elementor-element-8574d48 elementor-widget elementor-widget-toggle\" data-id=\"8574d48\" data-element_type=\"widget\" data-widget_type=\"toggle.default\">\n\t\t\t\t<div class=\"elementor-widget-container\">\n\t\t\t\t\t\t\t<div class=\"elementor-toggle\">\n\t\t\t\t\t\t\t<div class=\"elementor-toggle-item\">\n\t\t\t\t\t<div id=\"elementor-tab-title-1391\" class=\"elementor-tab-title\" data-tab=\"1\" role=\"button\" aria-controls=\"elementor-tab-content-1391\" aria-expanded=\"false\">\n\t\t\t\t\t\t\t\t\t\t\t\t<span class=\"elementor-toggle-icon elementor-toggle-icon-left\" aria-hidden=\"true\">\n\t\t\t\t\t\t\t\t\t\t\t\t\t\t\t<span class=\"elementor-toggle-icon-closed\"><i class=\"fas fa-caret-right\"><\/i><\/span>\n\t\t\t\t\t\t\t\t<span class=\"elementor-toggle-icon-opened\"><i class=\"elementor-toggle-icon-opened fas fa-caret-up\"><\/i><\/span>\n\t\t\t\t\t\t\t\t\t\t\t\t\t<\/span>\n\t\t\t\t\t\t\t\t\t\t\t\t<a class=\"elementor-toggle-title\" tabindex=\"0\">Job-Typ<\/a>\n\t\t\t\t\t<\/div>\n\n\t\t\t\t\t<div id=\"elementor-tab-content-1391\" class=\"elementor-tab-content elementor-clearfix\" data-tab=\"1\" role=\"region\" aria-labelledby=\"elementor-tab-title-1391\"><h6>Vollzeit<\/h6><\/div>\n\t\t\t\t<\/div>\n\t\t\t\t\t\t\t<div class=\"elementor-toggle-item\">\n\t\t\t\t\t<div id=\"elementor-tab-title-1392\" class=\"elementor-tab-title\" data-tab=\"2\" role=\"button\" aria-controls=\"elementor-tab-content-1392\" aria-expanded=\"false\">\n\t\t\t\t\t\t\t\t\t\t\t\t<span class=\"elementor-toggle-icon elementor-toggle-icon-left\" aria-hidden=\"true\">\n\t\t\t\t\t\t\t\t\t\t\t\t\t\t\t<span class=\"elementor-toggle-icon-closed\"><i class=\"fas fa-caret-right\"><\/i><\/span>\n\t\t\t\t\t\t\t\t<span class=\"elementor-toggle-icon-opened\"><i class=\"elementor-toggle-icon-opened fas fa-caret-up\"><\/i><\/span>\n\t\t\t\t\t\t\t\t\t\t\t\t\t<\/span>\n\t\t\t\t\t\t\t\t\t\t\t\t<a class=\"elementor-toggle-title\" tabindex=\"0\">Qualifications<\/a>\n\t\t\t\t\t<\/div>\n\n\t\t\t\t\t<div id=\"elementor-tab-content-1392\" class=\"elementor-tab-content elementor-clearfix\" data-tab=\"2\" role=\"region\" aria-labelledby=\"elementor-tab-title-1392\"><p>\u00b7 Algorithm development<\/p><p>\u00b7 Go, Python, JS, and full stack<\/p><p>\u00b7 DevOps, Dockers, and Kubernetes<\/p><p>\u00b7 Performance<\/p><p>\u00b7 SCRUM \/ Agile<\/p><p>\u00b7 Understanding UI\/UX for front-end<\/p><p>\u00b7 Android \/ Android Auto<\/p><p>\u00b7 BSc \/ MSc \/ Dr. in math or CS<br \/><br \/>&#8211; Our stack is: Go\/Golang, Cloud (all of them big ones), php, vanilla js, ML Algorithms<br \/>Keywords: Electric Vehicle, ML\/AI, Developer, Go\/Golang, Cloud, Python, Data Science, Startup, Technology, Innovation, Fleet management.<\/p><\/div>\n\t\t\t\t<\/div>\n\t\t\t\t\t\t\t<div class=\"elementor-toggle-item\">\n\t\t\t\t\t<div id=\"elementor-tab-title-1393\" class=\"elementor-tab-title\" data-tab=\"3\" role=\"button\" aria-controls=\"elementor-tab-content-1393\" aria-expanded=\"false\">\n\t\t\t\t\t\t\t\t\t\t\t\t<span class=\"elementor-toggle-icon elementor-toggle-icon-left\" aria-hidden=\"true\">\n\t\t\t\t\t\t\t\t\t\t\t\t\t\t\t<span class=\"elementor-toggle-icon-closed\"><i class=\"fas fa-caret-right\"><\/i><\/span>\n\t\t\t\t\t\t\t\t<span class=\"elementor-toggle-icon-opened\"><i class=\"elementor-toggle-icon-opened fas fa-caret-up\"><\/i><\/span>\n\t\t\t\t\t\t\t\t\t\t\t\t\t<\/span>\n\t\t\t\t\t\t\t\t\t\t\t\t<a class=\"elementor-toggle-title\" tabindex=\"0\">Responsibilities<\/a>\n\t\t\t\t\t<\/div>\n\n\t\t\t\t\t<div id=\"elementor-tab-content-1393\" class=\"elementor-tab-content elementor-clearfix\" data-tab=\"3\" role=\"region\" aria-labelledby=\"elementor-tab-title-1393\"><p>\u00b7 <strong>Manage a team of 6 developers<\/strong>, fostering a collaborative and innovative environment.<\/p><p>\u00b7 Defining improvement goals for the team and leading the team to achieve the goals<\/p><p>\u00b7 Define clear project goals and timelines in collaboration with the product team.<\/p><p>\u00b7 Work with existing clients to understand their needs and integrate our technology into their EV software solutions.<\/p><p>\u00b7 Ensure the ongoing maintenance and improvement of our EV software<\/p><p>\u00b7 Oversee the development, testing, and deployment of our software<\/p><\/div>\n\t\t\t\t<\/div>\n\t\t\t\t\t\t\t<div class=\"elementor-toggle-item\">\n\t\t\t\t\t<div id=\"elementor-tab-title-1394\" class=\"elementor-tab-title\" data-tab=\"4\" role=\"button\" aria-controls=\"elementor-tab-content-1394\" aria-expanded=\"false\">\n\t\t\t\t\t\t\t\t\t\t\t\t<span class=\"elementor-toggle-icon elementor-toggle-icon-left\" aria-hidden=\"true\">\n\t\t\t\t\t\t\t\t\t\t\t\t\t\t\t<span class=\"elementor-toggle-icon-closed\"><i class=\"fas fa-caret-right\"><\/i><\/span>\n\t\t\t\t\t\t\t\t<span class=\"elementor-toggle-icon-opened\"><i class=\"elementor-toggle-icon-opened fas fa-caret-up\"><\/i><\/span>\n\t\t\t\t\t\t\t\t\t\t\t\t\t<\/span>\n\t\t\t\t\t\t\t\t\t\t\t\t<a class=\"elementor-toggle-title\" tabindex=\"0\">Standort<\/a>\n\t\t\t\t\t<\/div>\n\n\t\t\t\t\t<div id=\"elementor-tab-content-1394\" class=\"elementor-tab-content elementor-clearfix\" data-tab=\"4\" role=\"region\" aria-labelledby=\"elementor-tab-title-1394\"><h6>Hybrid work. We are located in Kiryat Atidim.<\/h6><\/div>\n\t\t\t\t<\/div>\n\t\t\t\t\t\t\t\t<\/div>\n\t\t\t\t\t\t<\/div>\n\t\t\t\t<\/div>\n\t\t\t\t<div class=\"elementor-element elementor-element-d0cea19 elementor-align-left elementor-widget elementor-widget-button\" data-id=\"d0cea19\" data-element_type=\"widget\" data-widget_type=\"button.default\">\n\t\t\t\t<div class=\"elementor-widget-container\">\n\t\t\t\t\t\t\t\t\t<div class=\"elementor-button-wrapper\">\n\t\t\t\t\t<a class=\"elementor-button elementor-button-link elementor-size-md elementor-animation-bob\" href=\"http:\/\/www.makemydayapp.com\/de\/contact-us\/\" title=\"Contact us and request a demo\">\n\t\t\t\t\t\t<span class=\"elementor-button-content-wrapper\">\n\t\t\t\t\t\t<span class=\"elementor-button-icon\">\n\t\t\t\t<i aria-hidden=\"true\" class=\"fas fa-arrow-right\"><\/i>\t\t\t<\/span>\n\t\t\t\t\t\t\t\t\t<span class=\"elementor-button-text\">I want to work at Make My Day!<\/span>\n\t\t\t\t\t<\/span>\n\t\t\t\t\t<\/a>\n\t\t\t\t<\/div>\n\t\t\t\t\t\t\t\t<\/div>\n\t\t\t\t<\/div>\n\t\t\t\t\t<\/div>\n\t\t<\/div>\n\t\t\t\t\t<\/div>\n\t\t<\/section>\n\t\t\t\t<section class=\"elementor-section elementor-top-section elementor-element elementor-element-232febe elementor-section-boxed elementor-section-height-default elementor-section-height-default\" data-id=\"232febe\" data-element_type=\"section\">\n\t\t\t\t\t\t<div class=\"elementor-container elementor-column-gap-default\">\n\t\t\t\t\t<div class=\"elementor-column elementor-col-100 elementor-top-column elementor-element elementor-element-992cd51\" data-id=\"992cd51\" data-element_type=\"column\">\n\t\t\t<div class=\"elementor-widget-wrap elementor-element-populated\">\n\t\t\t\t\t\t<div class=\"elementor-element elementor-element-083ad16 elementor-widget-mobile__width-inherit elementor-invisible elementor-widget elementor-widget-heading\" data-id=\"083ad16\" data-element_type=\"widget\" data-settings=\"{&quot;_animation&quot;:&quot;fadeInLeft&quot;}\" data-widget_type=\"heading.default\">\n\t\t\t\t<div class=\"elementor-widget-container\">\n\t\t\t\t\t<h4 class=\"elementor-heading-title elementor-size-default\"><h2 data-elementor-setting-key=\"title\" data-pen-placeholder=\"Type Here...\" style=\"--tw-border-spacing-x: 0;--tw-border-spacing-y: 0;--tw-translate-x: 0;--tw-translate-y: 0;--tw-rotate: 0;--tw-skew-x: 0;--tw-skew-y: 0;--tw-scale-x: 1;--tw-scale-y: 1;--tw-pan-x:;--tw-pan-y:;--tw-pinch-zoom:;--tw-scroll-snap-strictness: proximity;--tw-ordinal:;--tw-slashed-zero:;--tw-numeric-figure:;--tw-numeric-spacing:;--tw-numeric-fraction:;--tw-ring-inset:;--tw-ring-offset-width: 0px;--tw-ring-offset-color: #fff;--tw-ring-offset-shadow: 0 0 #0000;--tw-ring-shadow: 0 0 #0000;--tw-shadow: 0 0 #0000;--tw-shadow-colored: 0 0 #0000;--tw-blur:;--tw-brightness:;--tw-contrast:;--tw-grayscale:;--tw-hue-rotate:;--tw-invert:;--tw-saturate:;--tw-sepia:;--tw-drop-shadow:;--tw-backdrop-blur:;--tw-backdrop-brightness:;--tw-backdrop-contrast:;--tw-backdrop-grayscale:;--tw-backdrop-hue-rotate:;--tw-backdrop-invert:;--tw-backdrop-opacity:;--tw-backdrop-saturate:;--tw-backdrop-sepia:;font-family: var( --e-global-typography-primary-font-family ), Sans-serif;font-weight: var( --e-global-typography-primary-font-weight );line-height: var( --e-global-typography-primary-line-height );font-size: 39px;letter-spacing: normal\">Why Work With Us<\/h2><\/h4>\t\t\t\t<\/div>\n\t\t\t\t<\/div>\n\t\t\t\t\t<\/div>\n\t\t<\/div>\n\t\t\t\t\t<\/div>\n\t\t<\/section>\n\t\t\t\t<section class=\"elementor-section elementor-top-section elementor-element elementor-element-fcac59a elementor-section-boxed elementor-section-height-default elementor-section-height-default\" data-id=\"fcac59a\" data-element_type=\"section\">\n\t\t\t\t\t\t<div class=\"elementor-container elementor-column-gap-default\">\n\t\t\t\t\t<div class=\"elementor-column elementor-col-33 elementor-top-column elementor-element elementor-element-13fd804\" data-id=\"13fd804\" data-element_type=\"column\">\n\t\t\t<div class=\"elementor-widget-wrap elementor-element-populated\">\n\t\t\t\t\t\t<div class=\"elementor-element elementor-element-ab73017 elementor-position-top elementor-widget elementor-widget-image-box\" data-id=\"ab73017\" data-element_type=\"widget\" data-widget_type=\"image-box.default\">\n\t\t\t\t<div class=\"elementor-widget-container\">\n\t\t\t\t\t<div class=\"elementor-image-box-wrapper\"><figure class=\"elementor-image-box-img\"><img decoding=\"async\" width=\"648\" height=\"427\" src=\"https:\/\/www.makemydayapp.com\/wp-content\/uploads\/2023\/04\/Screenshot-2023-04-11-104837.png\" class=\"attachment-medium_large size-medium_large wp-image-9156\" alt=\"\" srcset=\"https:\/\/www.makemydayapp.com\/wp-content\/uploads\/2023\/04\/Screenshot-2023-04-11-104837.png 648w, https:\/\/www.makemydayapp.com\/wp-content\/uploads\/2023\/04\/Screenshot-2023-04-11-104837-300x198.png 300w\" sizes=\"(max-width: 648px) 100vw, 648px\" \/><\/figure><div class=\"elementor-image-box-content\"><h3 class=\"elementor-image-box-title\">Bedeutsame Auswirkungen<\/h3><p class=\"elementor-image-box-description\"> Wir von Make My Day App haben es uns zur Aufgabe gemacht, die Zukunft der Mobilit\u00e4t positiv zu beeinflussen. Sie haben die M\u00f6glichkeit, eine nachhaltigere und umweltfreundlichere Zukunft des Verkehrs mitzugestalten.<\/p><\/div><\/div>\t\t\t\t<\/div>\n\t\t\t\t<\/div>\n\t\t\t\t\t<\/div>\n\t\t<\/div>\n\t\t\t\t<div class=\"elementor-column elementor-col-33 elementor-top-column elementor-element elementor-element-d8e958b\" data-id=\"d8e958b\" data-element_type=\"column\">\n\t\t\t<div class=\"elementor-widget-wrap elementor-element-populated\">\n\t\t\t\t\t\t<div class=\"elementor-element elementor-element-0c0bcfc elementor-position-top elementor-widget elementor-widget-image-box\" data-id=\"0c0bcfc\" data-element_type=\"widget\" data-widget_type=\"image-box.default\">\n\t\t\t\t<div class=\"elementor-widget-container\">\n\t\t\t\t\t<div class=\"elementor-image-box-wrapper\"><figure class=\"elementor-image-box-img\"><img loading=\"lazy\" decoding=\"async\" width=\"702\" height=\"466\" src=\"https:\/\/www.makemydayapp.com\/wp-content\/uploads\/2023\/04\/Screenshot-2023-04-11-102847.png\" class=\"attachment-full size-full wp-image-9153\" alt=\"\" srcset=\"https:\/\/www.makemydayapp.com\/wp-content\/uploads\/2023\/04\/Screenshot-2023-04-11-102847.png 702w, https:\/\/www.makemydayapp.com\/wp-content\/uploads\/2023\/04\/Screenshot-2023-04-11-102847-300x199.png 300w, https:\/\/www.makemydayapp.com\/wp-content\/uploads\/2023\/04\/Screenshot-2023-04-11-102847-700x466.png 700w\" sizes=\"(max-width: 702px) 100vw, 702px\" \/><\/figure><div class=\"elementor-image-box-content\"><h3 class=\"elementor-image-box-title\">Vereinbarkeit von Beruf und Privatleben<\/h3><p class=\"elementor-image-box-description\">Wir sind uns bewusst, wie wichtig es ist, ein ausgewogenes Verh\u00e4ltnis zwischen Arbeit und Privatleben zu schaffen, und bem\u00fchen uns, ein flexibles und integratives Arbeitsumfeld zu schaffen. Wir bieten Leistungen und Ma\u00dfnahmen an, die das Wohlbefinden und die Work-Life-Balance unserer Teammitglieder f\u00f6rdern.<\/p><\/div><\/div>\t\t\t\t<\/div>\n\t\t\t\t<\/div>\n\t\t\t\t\t<\/div>\n\t\t<\/div>\n\t\t\t\t<div class=\"elementor-column elementor-col-33 elementor-top-column elementor-element elementor-element-c61f506\" data-id=\"c61f506\" data-element_type=\"column\">\n\t\t\t<div class=\"elementor-widget-wrap elementor-element-populated\">\n\t\t\t\t\t\t<div class=\"elementor-element elementor-element-806f100 elementor-position-top elementor-widget elementor-widget-image-box\" data-id=\"806f100\" data-element_type=\"widget\" data-widget_type=\"image-box.default\">\n\t\t\t\t<div class=\"elementor-widget-container\">\n\t\t\t\t\t<div class=\"elementor-image-box-wrapper\"><figure class=\"elementor-image-box-img\"><img loading=\"lazy\" decoding=\"async\" width=\"568\" height=\"397\" src=\"https:\/\/www.makemydayapp.com\/wp-content\/uploads\/2023\/04\/Screenshot-2023-04-11-104227.png\" class=\"attachment-full size-full wp-image-9155\" alt=\"\" srcset=\"https:\/\/www.makemydayapp.com\/wp-content\/uploads\/2023\/04\/Screenshot-2023-04-11-104227.png 568w, https:\/\/www.makemydayapp.com\/wp-content\/uploads\/2023\/04\/Screenshot-2023-04-11-104227-300x210.png 300w\" sizes=\"(max-width: 568px) 100vw, 568px\" \/><\/figure><div class=\"elementor-image-box-content\"><h3 class=\"elementor-image-box-title\">Wachsendes Start-up<\/h3><p class=\"elementor-image-box-description\">Als wachsendes Start-up-Unternehmen bieten wir M\u00f6glichkeiten zur beruflichen Entwicklung und Bef\u00f6rderung. Sie haben die Chance, Teil eines dynamischen und sich st\u00e4ndig weiterentwickelnden Umfelds zu werden, in dem Ihr Beitrag einen gro\u00dfen Einfluss haben kann. <\/p><\/div><\/div>\t\t\t\t<\/div>\n\t\t\t\t<\/div>\n\t\t\t\t\t<\/div>\n\t\t<\/div>\n\t\t\t\t\t<\/div>\n\t\t<\/section>\n\t\t\t\t<\/div>","protected":false},"excerpt":{"rendered":"<p>We Are Make My Day We are driving towards a greener future of mobility.Join our sustainable revolution today. Career Opportunities 1 Open Positions Software Engineer We are looking for smart people with development orientation. Hard workers, people who search to thrive and accomplish. We don&#8217;t care about your environment stack, it can be C++, Javascript [&hellip;]<\/p>","protected":false},"author":4,"featured_media":0,"parent":0,"menu_order":0,"comment_status":"closed","ping_status":"closed","template":"elementor_header_footer","meta":{"content-type":"","_monsterinsights_skip_tracking":false,"_monsterinsights_sitenote_active":false,"_monsterinsights_sitenote_note":"","_monsterinsights_sitenote_category":0,"footnotes":""},"class_list":["post-2262","page","type-page","status-publish","hentry"],"aioseo_notices":[],"_links":{"self":[{"href":"https:\/\/www.makemydayapp.com\/de\/wp-json\/wp\/v2\/pages\/2262","targetHints":{"allow":["GET"]}}],"collection":[{"href":"https:\/\/www.makemydayapp.com\/de\/wp-json\/wp\/v2\/pages"}],"about":[{"href":"https:\/\/www.makemydayapp.com\/de\/wp-json\/wp\/v2\/types\/page"}],"author":[{"embeddable":true,"href":"https:\/\/www.makemydayapp.com\/de\/wp-json\/wp\/v2\/users\/4"}],"replies":[{"embeddable":true,"href":"https:\/\/www.makemydayapp.com\/de\/wp-json\/wp\/v2\/comments?post=2262"}],"version-history":[{"count":10,"href":"https:\/\/www.makemydayapp.com\/de\/wp-json\/wp\/v2\/pages\/2262\/revisions"}],"predecessor-version":[{"id":14034,"href":"https:\/\/www.makemydayapp.com\/de\/wp-json\/wp\/v2\/pages\/2262\/revisions\/14034"}],"wp:attachment":[{"href":"https:\/\/www.makemydayapp.com\/de\/wp-json\/wp\/v2\/media?parent=2262"}],"curies":[{"name":"wp","href":"https:\/\/api.w.org\/{rel}","templated":true}]}}