{"id":12029,"date":"2024-04-09T08:37:28","date_gmt":"2024-04-09T08:37:28","guid":{"rendered":"https:\/\/www.makemydayapp.com\/?page_id=12029"},"modified":"2024-07-07T11:44:27","modified_gmt":"2024-07-07T11:44:27","slug":"fleet-electrification-planing-tool","status":"publish","type":"page","link":"https:\/\/www.makemydayapp.com\/es\/fleet-electrification-planing-tool\/","title":{"rendered":"Herramienta de Planificaci\u00f3n para la Electrificaci\u00f3n de Flotas"},"content":{"rendered":"<div data-elementor-type=\"wp-page\" data-elementor-id=\"12029\" class=\"elementor elementor-12029\" data-elementor-post-type=\"page\">\n\t\t\t\t\t\t<section class=\"elementor-section elementor-top-section elementor-element elementor-element-fb6d025 elementor-section-full_width elementor-section-height-default elementor-section-height-default\" data-id=\"fb6d025\" data-element_type=\"section\" data-settings=\"{&quot;background_background&quot;:&quot;slideshow&quot;,&quot;background_slideshow_gallery&quot;:[],&quot;background_slideshow_slide_duration&quot;:5000,&quot;background_slideshow_slide_transition&quot;:&quot;fade&quot;,&quot;background_slideshow_transition_duration&quot;:500}\">\n\t\t\t\t\t\t\t<div class=\"elementor-background-overlay\"><\/div>\n\t\t\t\t\t\t\t<div class=\"elementor-container elementor-column-gap-default\">\n\t\t\t\t\t<div class=\"elementor-column elementor-col-100 elementor-top-column elementor-element elementor-element-d76d7bb\" data-id=\"d76d7bb\" data-element_type=\"column\" data-settings=\"{&quot;background_background&quot;:&quot;classic&quot;}\">\n\t\t\t<div class=\"elementor-widget-wrap elementor-element-populated\">\n\t\t\t\t\t\t<div class=\"elementor-element elementor-element-722eaa4 elementor-widget elementor-widget-image\" data-id=\"722eaa4\" data-element_type=\"widget\" data-widget_type=\"image.default\">\n\t\t\t\t<div class=\"elementor-widget-container\">\n\t\t\t\t\t\t\t\t\t\t\t\t\t\t\t<img decoding=\"async\" width=\"300\" height=\"85\" src=\"https:\/\/www.makemydayapp.com\/wp-content\/uploads\/2023\/06\/mmd-logo2@2xSide-300x85.png\" class=\"attachment-medium size-medium wp-image-9793\" alt=\"Make My Day Logo\" srcset=\"https:\/\/www.makemydayapp.com\/wp-content\/uploads\/2023\/06\/mmd-logo2@2xSide-300x85.png 300w, https:\/\/www.makemydayapp.com\/wp-content\/uploads\/2023\/06\/mmd-logo2@2xSide-1024x292.png 1024w, https:\/\/www.makemydayapp.com\/wp-content\/uploads\/2023\/06\/mmd-logo2@2xSide-768x219.png 768w, https:\/\/www.makemydayapp.com\/wp-content\/uploads\/2023\/06\/mmd-logo2@2xSide.png 1390w\" sizes=\"(max-width: 300px) 100vw, 300px\" \/>\t\t\t\t\t\t\t\t\t\t\t\t\t\t\t<\/div>\n\t\t\t\t<\/div>\n\t\t\t\t\t<\/div>\n\t\t<\/div>\n\t\t\t\t\t<\/div>\n\t\t<\/section>\n\t\t\t\t<section class=\"elementor-section elementor-top-section elementor-element elementor-element-76c4a10 elementor-section-boxed elementor-section-height-default elementor-section-height-default\" data-id=\"76c4a10\" data-element_type=\"section\">\n\t\t\t\t\t\t<div class=\"elementor-container elementor-column-gap-default\">\n\t\t\t\t\t<div class=\"elementor-column elementor-col-100 elementor-top-column elementor-element elementor-element-1de224b\" data-id=\"1de224b\" data-element_type=\"column\">\n\t\t\t<div class=\"elementor-widget-wrap elementor-element-populated\">\n\t\t\t\t\t\t<div class=\"elementor-element elementor-element-1222a83 elementor-widget elementor-widget-heading\" data-id=\"1222a83\" data-element_type=\"widget\" data-widget_type=\"heading.default\">\n\t\t\t\t<div class=\"elementor-widget-container\">\n\t\t\t\t\t<h2 class=\"elementor-heading-title elementor-size-default\"><h1>Save up to 30% on fleet costs with Make My Day Fleet Electrification Planning tool <\/h1>\n<p style=\"font-size: 22px\">Planning and executing your fleet transition from Internal combustion engine vehicles to sustainable electric vehicles <b> can be complex, involving considerations such as vehicle selection, charging infrastructure deployment, and financial analysis. <p style=\"font-size: 22px\">\n\n <b> \nThis is why we developend the most innovative Fleet Electrification tool, to help businesses to shift to EVs in a seamless way. <b> <br><\/h2>\t\t\t\t<\/div>\n\t\t\t\t<\/div>\n\t\t\t\t<div class=\"elementor-element elementor-element-48fa555 elementor-widget__width-initial elementor-icon-list--layout-traditional elementor-list-item-link-full_width elementor-widget elementor-widget-icon-list\" data-id=\"48fa555\" data-element_type=\"widget\" data-widget_type=\"icon-list.default\">\n\t\t\t\t<div class=\"elementor-widget-container\">\n\t\t\t\t\t\t\t<ul class=\"elementor-icon-list-items\">\n\t\t\t\t\t\t\t<li class=\"elementor-icon-list-item\">\n\t\t\t\t\t\t\t\t\t\t\t<span class=\"elementor-icon-list-icon\">\n\t\t\t\t\t\t\t<svg xmlns=\"http:\/\/www.w3.org\/2000\/svg\" id=\"uuid-d65caa34-4fba-4f20-aac7-887c5617513f\" viewbox=\"0 0 24 24\"><g id=\"uuid-ded35392-ae00-4c2f-bd9f-cfb860187626\"><rect width=\"24\" height=\"24\" style=\"fill:none;\"><\/rect><rect x=\"5.59\" y=\"5.83\" width=\"11.78\" height=\"11.78\" style=\"fill:#07e597;\"><\/rect><polyline points=\"6.74 10.52 10.96 15.72 22.01 4.99\" style=\"fill:none; stroke:#000; stroke-linecap:round; stroke-linejoin:round; stroke-width:2.3px;\"><\/polyline><polyline points=\"20.45 13.65 20.45 20.69 2.5 20.69 2.5 2.74 15.7 2.74\" style=\"fill:none; stroke:#000; stroke-linecap:round; stroke-linejoin:round; stroke-width:2.3px;\"><\/polyline><\/g><\/svg>\t\t\t\t\t\t<\/span>\n\t\t\t\t\t\t\t\t\t\t<span class=\"elementor-icon-list-text\"><b> Informe completo sobre el ahorro de costos<\/b><\/span>\n\t\t\t\t\t\t\t\t\t<\/li>\n\t\t\t\t\t\t\t\t<li class=\"elementor-icon-list-item\">\n\t\t\t\t\t\t\t\t\t\t\t<span class=\"elementor-icon-list-icon\">\n\t\t\t\t\t\t\t<svg xmlns=\"http:\/\/www.w3.org\/2000\/svg\" id=\"uuid-d65caa34-4fba-4f20-aac7-887c5617513f\" viewbox=\"0 0 24 24\"><g id=\"uuid-ded35392-ae00-4c2f-bd9f-cfb860187626\"><rect width=\"24\" height=\"24\" style=\"fill:none;\"><\/rect><rect x=\"5.59\" y=\"5.83\" width=\"11.78\" height=\"11.78\" style=\"fill:#07e597;\"><\/rect><polyline points=\"6.74 10.52 10.96 15.72 22.01 4.99\" style=\"fill:none; stroke:#000; stroke-linecap:round; stroke-linejoin:round; stroke-width:2.3px;\"><\/polyline><polyline points=\"20.45 13.65 20.45 20.69 2.5 20.69 2.5 2.74 15.7 2.74\" style=\"fill:none; stroke:#000; stroke-linecap:round; stroke-linejoin:round; stroke-width:2.3px;\"><\/polyline><\/g><\/svg>\t\t\t\t\t\t<\/span>\n\t\t\t\t\t\t\t\t\t\t<span class=\"elementor-icon-list-text\"><b>Optimiza la transici\u00f3n de la flota y su gesti\u00f3n continua<\/span>\n\t\t\t\t\t\t\t\t\t<\/li>\n\t\t\t\t\t\t\t\t<li class=\"elementor-icon-list-item\">\n\t\t\t\t\t\t\t\t\t\t\t<span class=\"elementor-icon-list-icon\">\n\t\t\t\t\t\t\t<svg xmlns=\"http:\/\/www.w3.org\/2000\/svg\" id=\"uuid-d65caa34-4fba-4f20-aac7-887c5617513f\" viewbox=\"0 0 24 24\"><g id=\"uuid-ded35392-ae00-4c2f-bd9f-cfb860187626\"><rect width=\"24\" height=\"24\" style=\"fill:none;\"><\/rect><rect x=\"5.59\" y=\"5.83\" width=\"11.78\" height=\"11.78\" style=\"fill:#07e597;\"><\/rect><polyline points=\"6.74 10.52 10.96 15.72 22.01 4.99\" style=\"fill:none; stroke:#000; stroke-linecap:round; stroke-linejoin:round; stroke-width:2.3px;\"><\/polyline><polyline points=\"20.45 13.65 20.45 20.69 2.5 20.69 2.5 2.74 15.7 2.74\" style=\"fill:none; stroke:#000; stroke-linecap:round; stroke-linejoin:round; stroke-width:2.3px;\"><\/polyline><\/g><\/svg>\t\t\t\t\t\t<\/span>\n\t\t\t\t\t\t\t\t\t\t<span class=\"elementor-icon-list-text\"><b>Smooth and cost-effective transition to EVs<\/span>\n\t\t\t\t\t\t\t\t\t<\/li>\n\t\t\t\t\t\t\t\t<li class=\"elementor-icon-list-item\">\n\t\t\t\t\t\t\t\t\t\t\t<span class=\"elementor-icon-list-icon\">\n\t\t\t\t\t\t\t<svg xmlns=\"http:\/\/www.w3.org\/2000\/svg\" id=\"uuid-d65caa34-4fba-4f20-aac7-887c5617513f\" viewbox=\"0 0 24 24\"><g id=\"uuid-ded35392-ae00-4c2f-bd9f-cfb860187626\"><rect width=\"24\" height=\"24\" style=\"fill:none;\"><\/rect><rect x=\"5.59\" y=\"5.83\" width=\"11.78\" height=\"11.78\" style=\"fill:#07e597;\"><\/rect><polyline points=\"6.74 10.52 10.96 15.72 22.01 4.99\" style=\"fill:none; stroke:#000; stroke-linecap:round; stroke-linejoin:round; stroke-width:2.3px;\"><\/polyline><polyline points=\"20.45 13.65 20.45 20.69 2.5 20.69 2.5 2.74 15.7 2.74\" style=\"fill:none; stroke:#000; stroke-linecap:round; stroke-linejoin:round; stroke-width:2.3px;\"><\/polyline><\/g><\/svg>\t\t\t\t\t\t<\/span>\n\t\t\t\t\t\t\t\t\t\t<span class=\"elementor-icon-list-text\"><b> Calcula el costo y predice el impacto financiero de la transici\u00f3n a veh\u00edculos el\u00e9ctricos (EV)<\/span>\n\t\t\t\t\t\t\t\t\t<\/li>\n\t\t\t\t\t\t\t\t<li class=\"elementor-icon-list-item\">\n\t\t\t\t\t\t\t\t\t\t\t<span class=\"elementor-icon-list-icon\">\n\t\t\t\t\t\t\t<svg xmlns=\"http:\/\/www.w3.org\/2000\/svg\" id=\"uuid-d65caa34-4fba-4f20-aac7-887c5617513f\" viewbox=\"0 0 24 24\"><g id=\"uuid-ded35392-ae00-4c2f-bd9f-cfb860187626\"><rect width=\"24\" height=\"24\" style=\"fill:none;\"><\/rect><rect x=\"5.59\" y=\"5.83\" width=\"11.78\" height=\"11.78\" style=\"fill:#07e597;\"><\/rect><polyline points=\"6.74 10.52 10.96 15.72 22.01 4.99\" style=\"fill:none; stroke:#000; stroke-linecap:round; stroke-linejoin:round; stroke-width:2.3px;\"><\/polyline><polyline points=\"20.45 13.65 20.45 20.69 2.5 20.69 2.5 2.74 15.7 2.74\" style=\"fill:none; stroke:#000; stroke-linecap:round; stroke-linejoin:round; stroke-width:2.3px;\"><\/polyline><\/g><\/svg>\t\t\t\t\t\t<\/span>\n\t\t\t\t\t\t\t\t\t\t<span class=\"elementor-icon-list-text\"><b> Analyze your fleet's Performance &amp; Operations in real-time\u200b<\/span>\n\t\t\t\t\t\t\t\t\t<\/li>\n\t\t\t\t\t\t\t\t<li class=\"elementor-icon-list-item\">\n\t\t\t\t\t\t\t\t\t\t\t<span class=\"elementor-icon-list-icon\">\n\t\t\t\t\t\t\t<svg xmlns=\"http:\/\/www.w3.org\/2000\/svg\" id=\"uuid-d65caa34-4fba-4f20-aac7-887c5617513f\" viewbox=\"0 0 24 24\"><g id=\"uuid-ded35392-ae00-4c2f-bd9f-cfb860187626\"><rect width=\"24\" height=\"24\" style=\"fill:none;\"><\/rect><rect x=\"5.59\" y=\"5.83\" width=\"11.78\" height=\"11.78\" style=\"fill:#07e597;\"><\/rect><polyline points=\"6.74 10.52 10.96 15.72 22.01 4.99\" style=\"fill:none; stroke:#000; stroke-linecap:round; stroke-linejoin:round; stroke-width:2.3px;\"><\/polyline><polyline points=\"20.45 13.65 20.45 20.69 2.5 20.69 2.5 2.74 15.7 2.74\" style=\"fill:none; stroke:#000; stroke-linecap:round; stroke-linejoin:round; stroke-width:2.3px;\"><\/polyline><\/g><\/svg>\t\t\t\t\t\t<\/span>\n\t\t\t\t\t\t\t\t\t\t<span class=\"elementor-icon-list-text\"><b> Monitorea en tiempo real la reducci\u00f3n de emisiones de CO\u00b2 (Descarbonizaci\u00f3n de la flota)<\/span>\n\t\t\t\t\t\t\t\t\t<\/li>\n\t\t\t\t\t\t<\/ul>\n\t\t\t\t\t\t<\/div>\n\t\t\t\t<\/div>\n\t\t\t\t<div class=\"elementor-element elementor-element-6afd1ee elementor-widget elementor-widget-heading\" data-id=\"6afd1ee\" data-element_type=\"widget\" data-widget_type=\"heading.default\">\n\t\t\t\t<div class=\"elementor-widget-container\">\n\t\t\t\t\t<h2 class=\"elementor-heading-title elementor-size-default\">&lt;h2 <h1 style=\"font-size: 20px\"><\/h1><p style=\"font-size: 22px\"> Analyze your fleet's performance and operations in real-time, and get a comprehensive report to guide your electrification journey. \n<b> Save money, time, and reduce CO2 emissions \u2013 all in one powerful solution. <b><\/h2>\t\t\t\t<\/div>\n\t\t\t\t<\/div>\n\t\t\t\t\t<\/div>\n\t\t<\/div>\n\t\t\t\t\t<\/div>\n\t\t<\/section>\n\t\t\t\t<section class=\"elementor-section elementor-top-section elementor-element elementor-element-6c93c24 elementor-section-boxed elementor-section-height-default elementor-section-height-default\" data-id=\"6c93c24\" data-element_type=\"section\">\n\t\t\t\t\t\t<div class=\"elementor-container elementor-column-gap-default\">\n\t\t\t\t\t<div class=\"elementor-column elementor-col-100 elementor-top-column elementor-element elementor-element-9602cad\" data-id=\"9602cad\" data-element_type=\"column\">\n\t\t\t<div class=\"elementor-widget-wrap\">\n\t\t\t\t\t\t\t<\/div>\n\t\t<\/div>\n\t\t\t\t\t<\/div>\n\t\t<\/section>\n\t\t\t\t<section class=\"elementor-section elementor-top-section elementor-element elementor-element-d525bd6 elementor-section-boxed elementor-section-height-default elementor-section-height-default\" data-id=\"d525bd6\" data-element_type=\"section\">\n\t\t\t\t\t\t<div class=\"elementor-container elementor-column-gap-default\">\n\t\t\t\t\t<div class=\"elementor-column elementor-col-100 elementor-top-column elementor-element elementor-element-d9062b0\" data-id=\"d9062b0\" data-element_type=\"column\">\n\t\t\t<div class=\"elementor-widget-wrap elementor-element-populated\">\n\t\t\t\t\t\t<div class=\"elementor-element elementor-element-39c03af elementor-widget elementor-widget-image\" data-id=\"39c03af\" data-element_type=\"widget\" data-widget_type=\"image.default\">\n\t\t\t\t<div class=\"elementor-widget-container\">\n\t\t\t\t\t\t\t\t\t\t\t\t\t\t\t<img fetchpriority=\"high\" decoding=\"async\" width=\"706\" height=\"642\" src=\"https:\/\/www.makemydayapp.com\/wp-content\/uploads\/2024\/04\/Screenshot-2024-04-10-114239.png\" class=\"attachment-full size-full wp-image-12044\" alt=\"Fleet Electrification Planning tool\" srcset=\"https:\/\/www.makemydayapp.com\/wp-content\/uploads\/2024\/04\/Screenshot-2024-04-10-114239.png 706w, https:\/\/www.makemydayapp.com\/wp-content\/uploads\/2024\/04\/Screenshot-2024-04-10-114239-300x273.png 300w, https:\/\/www.makemydayapp.com\/wp-content\/uploads\/2024\/04\/Screenshot-2024-04-10-114239-13x12.png 13w\" sizes=\"(max-width: 706px) 100vw, 706px\" \/>\t\t\t\t\t\t\t\t\t\t\t\t\t\t\t<\/div>\n\t\t\t\t<\/div>\n\t\t\t\t\t<\/div>\n\t\t<\/div>\n\t\t\t\t\t<\/div>\n\t\t<\/section>\n\t\t\t\t<section class=\"elementor-section elementor-top-section elementor-element elementor-element-17c6299 elementor-section-boxed elementor-section-height-default elementor-section-height-default\" data-id=\"17c6299\" data-element_type=\"section\">\n\t\t\t\t\t\t<div class=\"elementor-container elementor-column-gap-default\">\n\t\t\t\t\t<div class=\"elementor-column elementor-col-100 elementor-top-column elementor-element elementor-element-7672cb5\" data-id=\"7672cb5\" data-element_type=\"column\" id=\"id-contact-form-electrification\">\n\t\t\t<div class=\"elementor-widget-wrap elementor-element-populated\">\n\t\t\t\t\t\t<div class=\"elementor-element elementor-element-e97f1c4 elementor-invisible elementor-widget elementor-widget-heading\" data-id=\"e97f1c4\" data-element_type=\"widget\" data-settings=\"{&quot;_animation&quot;:&quot;fadeInUp&quot;}\" data-widget_type=\"heading.default\">\n\t\t\t\t<div class=\"elementor-widget-container\">\n\t\t\t\t\t<h4 class=\"elementor-heading-title elementor-size-default\">Contactenos<\/h4>\t\t\t\t<\/div>\n\t\t\t\t<\/div>\n\t\t\t\t<div class=\"elementor-element elementor-element-fc1d889 elementor-widget elementor-widget-text-editor\" data-id=\"fc1d889\" data-element_type=\"widget\" data-widget_type=\"text-editor.default\">\n\t\t\t\t<div class=\"elementor-widget-container\">\n\t\t\t\t\t\t\t\t\t<p class=\"translation-block\">\u00a1Con nuestros innovadores productos, <strong>puedes convertirte en el l\u00edder del mercado en tu industria! <\/strong><\/p>\t\t\t\t\t\t\t\t<\/div>\n\t\t\t\t<\/div>\n\t\t\t\t<div class=\"elementor-element elementor-element-4f9e412 elementor-widget elementor-widget-hubspot-form\" data-id=\"4f9e412\" data-element_type=\"widget\" data-widget_type=\"hubspot-form.default\">\n\t\t\t\t<div class=\"elementor-widget-container\">\n\t\t\t\t\t\n\t\t\t\t\t\t<script>\n\t\t\t\t\t\t\twindow.hsFormsOnReady = window.hsFormsOnReady || [];\n\t\t\t\t\t\t\twindow.hsFormsOnReady.push(()=>{\n\t\t\t\t\t\t\t\thbspt.forms.create({\n\t\t\t\t\t\t\t\t\tportalId: 26134497,\n\t\t\t\t\t\t\t\t\tformId: \"e2feac08-c68b-4ae8-b5f7-53589fb2dc6a\",\n\t\t\t\t\t\t\t\t\ttarget: \"#hbspt-form-1775646832000-8077445770\",\n\t\t\t\t\t\t\t\t\tregion: \"eu1\",\n\t\t\t\t\t\t\t\t\t\n\t\t\t\t\t\t\t})});\n\t\t\t\t\t\t<\/script>\n\t\t\t\t\t\t<div class=\"hbspt-form\" id=\"hbspt-form-1775646832000-8077445770\"><\/div>\t\t\t\t<\/div>\n\t\t\t\t<\/div>\n\t\t\t\t\t<\/div>\n\t\t<\/div>\n\t\t\t\t\t<\/div>\n\t\t<\/section>\n\t\t\t\t<section class=\"elementor-section elementor-top-section elementor-element elementor-element-1c386bf elementor-section-boxed elementor-section-height-default elementor-section-height-default\" data-id=\"1c386bf\" data-element_type=\"section\">\n\t\t\t\t\t\t<div class=\"elementor-container elementor-column-gap-default\">\n\t\t\t\t\t<div class=\"elementor-column elementor-col-100 elementor-top-column elementor-element elementor-element-89d4266\" data-id=\"89d4266\" data-element_type=\"column\">\n\t\t\t<div class=\"elementor-widget-wrap elementor-element-populated\">\n\t\t\t\t\t\t<div class=\"elementor-element elementor-element-6cfbb3d elementor-invisible elementor-widget elementor-widget-heading\" data-id=\"6cfbb3d\" data-element_type=\"widget\" data-settings=\"{&quot;_animation&quot;:&quot;fadeInUp&quot;}\" data-widget_type=\"heading.default\">\n\t\t\t\t<div class=\"elementor-widget-container\">\n\t\t\t\t\t<h4 class=\"elementor-heading-title elementor-size-default\">Clientes y Colaboradores<\/h4>\t\t\t\t<\/div>\n\t\t\t\t<\/div>\n\t\t\t\t<div class=\"elementor-element elementor-element-16b5505 elementor-widget elementor-widget-image-carousel\" data-id=\"16b5505\" data-element_type=\"widget\" data-settings=\"{&quot;slides_to_show&quot;:&quot;5&quot;,&quot;navigation&quot;:&quot;none&quot;,&quot;lazyload&quot;:&quot;yes&quot;,&quot;pause_on_hover&quot;:&quot;no&quot;,&quot;pause_on_interaction&quot;:&quot;no&quot;,&quot;image_spacing_custom&quot;:{&quot;unit&quot;:&quot;px&quot;,&quot;size&quot;:6,&quot;sizes&quot;:[]},&quot;slides_to_show_tablet&quot;:&quot;4&quot;,&quot;slides_to_show_mobile&quot;:&quot;3&quot;,&quot;autoplay_speed&quot;:0,&quot;speed&quot;:5000,&quot;autoplay&quot;:&quot;yes&quot;,&quot;infinite&quot;:&quot;yes&quot;,&quot;image_spacing_custom_tablet&quot;:{&quot;unit&quot;:&quot;px&quot;,&quot;size&quot;:&quot;&quot;,&quot;sizes&quot;:[]},&quot;image_spacing_custom_mobile&quot;:{&quot;unit&quot;:&quot;px&quot;,&quot;size&quot;:&quot;&quot;,&quot;sizes&quot;:[]}}\" data-widget_type=\"image-carousel.default\">\n\t\t\t\t<div class=\"elementor-widget-container\">\n\t\t\t\t\t\t\t<div class=\"elementor-image-carousel-wrapper swiper\" role=\"region\" aria-roledescription=\"carousel\" aria-label=\"\u56fe\u50cf\u8f6e\u64ad\" dir=\"ltr\">\n\t\t\t<div class=\"elementor-image-carousel swiper-wrapper\" aria-live=\"off\">\n\t\t\t\t\t\t\t\t<div class=\"swiper-slide\" role=\"group\" aria-roledescription=\"slide\" aria-label=\"1 \/ 15\"><figure class=\"swiper-slide-inner\"><img class=\"swiper-slide-image swiper-lazy\" data-src=\"https:\/\/www.makemydayapp.com\/wp-content\/uploads\/2022\/11\/Artboard-1.svg\" alt=\"Capital Nature Logo\" \/><div class=\"swiper-lazy-preloader\"><\/div><\/figure><\/div><div class=\"swiper-slide\" role=\"group\" aria-roledescription=\"slide\" aria-label=\"2 \/ 15\"><figure class=\"swiper-slide-inner\"><img class=\"swiper-slide-image swiper-lazy\" data-src=\"https:\/\/www.makemydayapp.com\/wp-content\/uploads\/2022\/11\/Artboard-1-copy.svg\" alt=\"Sente Link Logo\" \/><div class=\"swiper-lazy-preloader\"><\/div><\/figure><\/div><div class=\"swiper-slide\" role=\"group\" aria-roledescription=\"slide\" aria-label=\"3 \/ 15\"><figure class=\"swiper-slide-inner\"><img class=\"swiper-slide-image swiper-lazy\" data-src=\"https:\/\/www.makemydayapp.com\/wp-content\/uploads\/2022\/11\/Artboard-1-copy-10.svg\" alt=\"CBG Logo\" \/><div class=\"swiper-lazy-preloader\"><\/div><\/figure><\/div><div class=\"swiper-slide\" role=\"group\" aria-roledescription=\"slide\" aria-label=\"4 \/ 15\"><figure class=\"swiper-slide-inner\"><img class=\"swiper-slide-image swiper-lazy\" data-src=\"https:\/\/www.makemydayapp.com\/wp-content\/uploads\/2022\/11\/Artboard-1-copy-9.svg\" alt=\"Holcim Logo\" \/><div class=\"swiper-lazy-preloader\"><\/div><\/figure><\/div><div class=\"swiper-slide\" role=\"group\" aria-roledescription=\"slide\" aria-label=\"5 \/ 15\"><figure class=\"swiper-slide-inner\"><img class=\"swiper-slide-image swiper-lazy\" data-src=\"https:\/\/www.makemydayapp.com\/wp-content\/uploads\/2022\/11\/Artboard-1-copy-8.svg\" alt=\"Quantum Logo\" \/><div class=\"swiper-lazy-preloader\"><\/div><\/figure><\/div><div class=\"swiper-slide\" role=\"group\" aria-roledescription=\"slide\" aria-label=\"6 \/ 15\"><figure class=\"swiper-slide-inner\"><img class=\"swiper-slide-image swiper-lazy\" data-src=\"https:\/\/www.makemydayapp.com\/wp-content\/uploads\/2022\/11\/Artboard-1-copy-7.svg\" alt=\"Drive Logo\" \/><div class=\"swiper-lazy-preloader\"><\/div><\/figure><\/div><div class=\"swiper-slide\" role=\"group\" aria-roledescription=\"slide\" aria-label=\"7 \/ 15\"><figure class=\"swiper-slide-inner\"><img class=\"swiper-slide-image swiper-lazy\" data-src=\"https:\/\/www.makemydayapp.com\/wp-content\/uploads\/2022\/11\/Artboard-1-copy-6.svg\" alt=\"City Zone Logo\" \/><div class=\"swiper-lazy-preloader\"><\/div><\/figure><\/div><div class=\"swiper-slide\" role=\"group\" aria-roledescription=\"slide\" aria-label=\"8 \/ 15\"><figure class=\"swiper-slide-inner\"><img class=\"swiper-slide-image swiper-lazy\" data-src=\"https:\/\/www.makemydayapp.com\/wp-content\/uploads\/2022\/11\/Artboard-1-copy-5.svg\" alt=\"UTI 360 Logo\" \/><div class=\"swiper-lazy-preloader\"><\/div><\/figure><\/div><div class=\"swiper-slide\" role=\"group\" aria-roledescription=\"slide\" aria-label=\"9 \/ 15\"><figure class=\"swiper-slide-inner\"><img class=\"swiper-slide-image swiper-lazy\" data-src=\"https:\/\/www.makemydayapp.com\/wp-content\/uploads\/2022\/11\/Artboard-1-copy-4.svg\" alt=\"Ituran Logo\" \/><div class=\"swiper-lazy-preloader\"><\/div><\/figure><\/div><div class=\"swiper-slide\" role=\"group\" aria-roledescription=\"slide\" aria-label=\"10 \/ 15\"><figure class=\"swiper-slide-inner\"><img class=\"swiper-slide-image swiper-lazy\" data-src=\"https:\/\/www.makemydayapp.com\/wp-content\/uploads\/2022\/11\/Artboard-1-copy-3.svg\" alt=\"Next Gear Logo\" \/><div class=\"swiper-lazy-preloader\"><\/div><\/figure><\/div><div class=\"swiper-slide\" role=\"group\" aria-roledescription=\"slide\" aria-label=\"11 \/ 15\"><figure class=\"swiper-slide-inner\"><img class=\"swiper-slide-image swiper-lazy\" data-src=\"https:\/\/www.makemydayapp.com\/wp-content\/uploads\/2022\/11\/Artboard-1-copy-2.svg\" alt=\"Chevron Logo\" \/><div class=\"swiper-lazy-preloader\"><\/div><\/figure><\/div><div class=\"swiper-slide\" role=\"group\" aria-roledescription=\"slide\" aria-label=\"12 \/ 15\"><figure class=\"swiper-slide-inner\"><img class=\"swiper-slide-image swiper-lazy\" data-src=\"https:\/\/www.makemydayapp.com\/wp-content\/uploads\/2023\/11\/Screenshot-2023-11-09-181000.png\" alt=\"Screenshot 2023-11-09 181000\" \/><div class=\"swiper-lazy-preloader\"><\/div><\/figure><\/div><div class=\"swiper-slide\" role=\"group\" aria-roledescription=\"slide\" aria-label=\"13 \/ 15\"><figure class=\"swiper-slide-inner\"><img class=\"swiper-slide-image swiper-lazy\" data-src=\"https:\/\/www.makemydayapp.com\/wp-content\/uploads\/2024\/01\/\u05e8\u05e9\u05d5\u05ea-\u05d4\u05d7\u05d3\u05e9\u05e0\u05d5\u05ea-\u05dc\u05d5\u05d2\u05d5.png\" alt=\"\u05e8\u05e9\u05d5\u05ea \u05d4\u05d7\u05d3\u05e9\u05e0\u05d5\u05ea - \u05dc\u05d5\u05d2\u05d5\" \/><div class=\"swiper-lazy-preloader\"><\/div><\/figure><\/div><div class=\"swiper-slide\" role=\"group\" aria-roledescription=\"slide\" aria-label=\"14 \/ 15\"><figure class=\"swiper-slide-inner\"><img class=\"swiper-slide-image swiper-lazy\" data-src=\"https:\/\/www.makemydayapp.com\/wp-content\/uploads\/2024\/01\/go-station-logo-sm.png\" alt=\"\" \/><div class=\"swiper-lazy-preloader\"><\/div><\/figure><\/div><div class=\"swiper-slide\" role=\"group\" aria-roledescription=\"slide\" aria-label=\"15 \/ 15\"><figure class=\"swiper-slide-inner\"><img class=\"swiper-slide-image swiper-lazy\" data-src=\"https:\/\/www.makemydayapp.com\/wp-content\/uploads\/2024\/01\/Screenshot-2024-01-21-101151.png\" alt=\"Screenshot 2024-01-21 101151\" \/><div class=\"swiper-lazy-preloader\"><\/div><\/figure><\/div>\t\t\t<\/div>\n\t\t\t\t\t\t\t\n\t\t\t\t\t\t\t\t\t<\/div>\n\t\t\t\t\t\t<\/div>\n\t\t\t\t<\/div>\n\t\t\t\t\t<\/div>\n\t\t<\/div>\n\t\t\t\t\t<\/div>\n\t\t<\/section>\n\t\t\t\t<section class=\"elementor-section elementor-top-section elementor-element elementor-element-e29be9f elementor-section-boxed elementor-section-height-default elementor-section-height-default\" data-id=\"e29be9f\" data-element_type=\"section\">\n\t\t\t\t\t\t<div class=\"elementor-container elementor-column-gap-default\">\n\t\t\t\t\t<div class=\"elementor-column elementor-col-100 elementor-top-column elementor-element elementor-element-17536ae\" data-id=\"17536ae\" data-element_type=\"column\">\n\t\t\t<div class=\"elementor-widget-wrap\">\n\t\t\t\t\t\t\t<\/div>\n\t\t<\/div>\n\t\t\t\t\t<\/div>\n\t\t<\/section>\n\t\t\t\t<section class=\"elementor-section elementor-top-section elementor-element elementor-element-f48326c elementor-section-boxed elementor-section-height-default elementor-section-height-default\" data-id=\"f48326c\" data-element_type=\"section\">\n\t\t\t\t\t\t<div class=\"elementor-container elementor-column-gap-default\">\n\t\t\t\t\t<div class=\"elementor-column elementor-col-100 elementor-top-column elementor-element elementor-element-9578f9d\" data-id=\"9578f9d\" data-element_type=\"column\">\n\t\t\t<div class=\"elementor-widget-wrap\">\n\t\t\t\t\t\t\t<\/div>\n\t\t<\/div>\n\t\t\t\t\t<\/div>\n\t\t<\/section>\n\t\t\t\t<\/div>","protected":false},"excerpt":{"rendered":"<p>Save up to 30% on fleet costs with Make My Day Fleet Electrification Planning tool Planning and executing your fleet transition from Internal combustion engine vehicles to sustainable electric vehicles can be complex, involving considerations such as vehicle selection, charging infrastructure deployment, and financial analysis. This is why we developend the most innovative Fleet Electrification [&hellip;]<\/p>","protected":false},"author":6,"featured_media":0,"parent":0,"menu_order":0,"comment_status":"closed","ping_status":"closed","template":"","meta":{"content-type":"","_monsterinsights_skip_tracking":false,"_monsterinsights_sitenote_active":false,"_monsterinsights_sitenote_note":"","_monsterinsights_sitenote_category":0,"footnotes":""},"class_list":["post-12029","page","type-page","status-publish","hentry"],"aioseo_notices":[],"_links":{"self":[{"href":"https:\/\/www.makemydayapp.com\/es\/wp-json\/wp\/v2\/pages\/12029","targetHints":{"allow":["GET"]}}],"collection":[{"href":"https:\/\/www.makemydayapp.com\/es\/wp-json\/wp\/v2\/pages"}],"about":[{"href":"https:\/\/www.makemydayapp.com\/es\/wp-json\/wp\/v2\/types\/page"}],"author":[{"embeddable":true,"href":"https:\/\/www.makemydayapp.com\/es\/wp-json\/wp\/v2\/users\/6"}],"replies":[{"embeddable":true,"href":"https:\/\/www.makemydayapp.com\/es\/wp-json\/wp\/v2\/comments?post=12029"}],"version-history":[{"count":11,"href":"https:\/\/www.makemydayapp.com\/es\/wp-json\/wp\/v2\/pages\/12029\/revisions"}],"predecessor-version":[{"id":14149,"href":"https:\/\/www.makemydayapp.com\/es\/wp-json\/wp\/v2\/pages\/12029\/revisions\/14149"}],"wp:attachment":[{"href":"https:\/\/www.makemydayapp.com\/es\/wp-json\/wp\/v2\/media?parent=12029"}],"curies":[{"name":"wp","href":"https:\/\/api.w.org\/{rel}","templated":true}]}}